{"id":1035,"date":"2023-05-09T14:28:14","date_gmt":"2023-05-09T14:28:14","guid":{"rendered":"https:\/\/nachhilfe-wirtschaftsschule.de\/wordpress\/?page_id=1035"},"modified":"2024-05-05T12:46:11","modified_gmt":"2024-05-05T12:46:11","slug":"abschlusspruefungen","status":"publish","type":"page","link":"https:\/\/nachhilfe-wirtschaftsschule.de\/wordpress\/abschlusspruefungen\/","title":{"rendered":"Abschlusspr\u00fcfungen"},"content":{"rendered":"\n<p>Du m\u00f6chtest dich gezielt auf die Abschlusspr\u00fcfung an der Wirtschaftsschule in Bayern im Fach Mathematik vorbereiten? Dann k\u00f6nnten die <strong>Lernkurse mit Lernvideos <\/strong>und Pr\u00fcfungsaufgaben eine Option f\u00fcr dich sein. In den Lernkursen wirst du durch alte Abschlusspr\u00fcfungen mit Hilfe von Lernvideos gef\u00fchrt. L\u00f6se die Aufgaben selbst und vergleiche sie im Anschluss mit einer ausf\u00fchrlich erkl\u00e4rten Musterl\u00f6sung.<\/p>\n\n\n\n<hr class=\"wp-block-separator has-alpha-channel-opacity\"\/>\n\n\n\n<p><a href=\"https:\/\/nachhilfe-fosbos.de\/course\/view.php?id=27\">Crash-Kurs Mathematik Abschlusspr\u00fcfungsvorbereitung (alle Themen) &#8211; 19,99 \u20ac<\/a><\/p>\n\n\n\n<p><a href=\"https:\/\/nachhilfe-fosbos.de\/course\/view.php?id=32\">Daten &amp; Zufall &#8211; kostenlos!<\/a><\/p>\n\n\n\n<p><a href=\"https:\/\/nachhilfe-fosbos.de\/course\/view.php?id=17\">Finanzmathematik von A-Z &#8211; 7,99 \u20ac<\/a><\/p>\n\n\n\n<p><a href=\"https:\/\/nachhilfe-fosbos.de\/course\/view.php?id=16\">Funktionen von A-Z &#8211; 7,99 \u20ac<\/a><\/p>\n\n\n\n<p><a href=\"https:\/\/nachhilfe-fosbos.de\/course\/view.php?id=30\">Trigonometrie &#8211; 7,99 \u20ac<\/a><\/p>\n\n\n\n<p><a href=\"https:\/\/nachhilfe-fosbos.de\/course\/view.php?id=19\">Raum &amp; Form (Geometrie) &#8211; 7,99 \u20ac<\/a><\/p>\n\n\n\n<hr class=\"wp-block-separator has-alpha-channel-opacity\"\/>\n\n\n\n<p>Hinweis: Als Sch\u00fclerin oder Sch\u00fcler der Dieter-Hildebrandt-Wirtschaftsschule erh\u00e4ltst du kostenlosen Zugriff auf alle Kurse in <a href=\"https:\/\/lernplattform.mebis.bycs.de\/course\/view.php?id=813459\">dem hier verlinkten mebis-Kurs<\/a>.<\/p>\n\n\n\n<p>Der Verkauf der Lernkurse dient der Finanzierung der Seite. Alle anderen Inhalte sind und bleiben <strong>kostenfrei<\/strong>.<\/p>\n","protected":false},"excerpt":{"rendered":"<p>Du m\u00f6chtest dich gezielt auf die Abschlusspr\u00fcfung an der Wirtschaftsschule in Bayern im Fach Mathematik vorbereiten? Dann k\u00f6nnten die Lernkurse<\/p>\n","protected":false},"author":2,"featured_media":0,"parent":0,"menu_order":0,"comment_status":"closed","ping_status":"closed","template":"","meta":{"colormag_page_container_layout":"default_layout","colormag_page_sidebar_layout":"default_layout","footnotes":""},"class_list":["post-1035","page","type-page","status-publish","hentry"],"_links":{"self":[{"href":"https:\/\/nachhilfe-wirtschaftsschule.de\/wordpress\/wp-json\/wp\/v2\/pages\/1035","targetHints":{"allow":["GET"]}}],"collection":[{"href":"https:\/\/nachhilfe-wirtschaftsschule.de\/wordpress\/wp-json\/wp\/v2\/pages"}],"about":[{"href":"https:\/\/nachhilfe-wirtschaftsschule.de\/wordpress\/wp-json\/wp\/v2\/types\/page"}],"author":[{"embeddable":true,"href":"https:\/\/nachhilfe-wirtschaftsschule.de\/wordpress\/wp-json\/wp\/v2\/users\/2"}],"replies":[{"embeddable":true,"href":"https:\/\/nachhilfe-wirtschaftsschule.de\/wordpress\/wp-json\/wp\/v2\/comments?post=1035"}],"version-history":[{"count":7,"href":"https:\/\/nachhilfe-wirtschaftsschule.de\/wordpress\/wp-json\/wp\/v2\/pages\/1035\/revisions"}],"predecessor-version":[{"id":1139,"href":"https:\/\/nachhilfe-wirtschaftsschule.de\/wordpress\/wp-json\/wp\/v2\/pages\/1035\/revisions\/1139"}],"wp:attachment":[{"href":"https:\/\/nachhilfe-wirtschaftsschule.de\/wordpress\/wp-json\/wp\/v2\/media?parent=1035"}],"curies":[{"name":"wp","href":"https:\/\/api.w.org\/{rel}","templated":true}]}}