{"id":14,"date":"2022-12-20T14:35:43","date_gmt":"2022-12-20T14:35:43","guid":{"rendered":"https:\/\/nachhilfe-wirtschaftsschule.de\/wordpress\/?page_id=14"},"modified":"2022-12-29T16:35:53","modified_gmt":"2022-12-29T16:35:53","slug":"finanzmathematik","status":"publish","type":"page","link":"https:\/\/nachhilfe-wirtschaftsschule.de\/wordpress\/finanzmathematik\/","title":{"rendered":"Finanzmathematik"},"content":{"rendered":"<style>#kt-layout-id_e5203f-fa > .kt-row-column-wrap{align-content:start;}:where(#kt-layout-id_e5203f-fa > .kt-row-column-wrap) > .wp-block-kadence-column{justify-content:start;}#kt-layout-id_e5203f-fa > .kt-row-column-wrap{column-gap:var(--global-kb-gap-md, 2rem);row-gap:var(--global-kb-gap-md, 2rem);padding-top:var( --global-kb-row-default-top, 25px );padding-bottom:var( --global-kb-row-default-bottom, 25px );padding-top:var(--global-kb-spacing-sm, 1.5rem);padding-bottom:var(--global-kb-spacing-sm, 1.5rem);grid-template-columns:repeat(2, minmax(0, 1fr));}#kt-layout-id_e5203f-fa > .kt-row-layout-overlay{opacity:0.30;}@media all and (max-width: 1024px){#kt-layout-id_e5203f-fa > .kt-row-column-wrap{grid-template-columns:repeat(2, minmax(0, 1fr));}}@media all and (max-width: 767px){#kt-layout-id_e5203f-fa > .kt-row-column-wrap{grid-template-columns:minmax(0, 1fr);}}<\/style>\n<div class=\"wp-block-kadence-rowlayout alignnone\"><div id=\"kt-layout-id_e5203f-fa\" class=\"kt-row-layout-inner kt-layout-id_e5203f-fa\"><div class=\"kt-row-column-wrap kt-has-2-columns kt-gutter-default kt-v-gutter-default kt-row-valign-top kt-row-layout-equal kt-tab-layout-inherit kt-m-colapse-left-to-right kt-mobile-layout-row\"><style>.kadence-column_101fed-7b > .kt-inside-inner-col{border-top-width:0px;border-right-width:0px;border-bottom-width:0px;border-left-width:0px;}.kadence-column_101fed-7b > .kt-inside-inner-col,.kadence-column_101fed-7b > .kt-inside-inner-col:before{border-top-left-radius:0px;border-top-right-radius:0px;border-bottom-right-radius:0px;border-bottom-left-radius:0px;}.kadence-column_101fed-7b > .kt-inside-inner-col{column-gap:var(--global-kb-gap-sm, 1rem);}.kadence-column_101fed-7b > .kt-inside-inner-col{flex-direction:column;}.kadence-column_101fed-7b > .kt-inside-inner-col > .aligncenter{width:100%;}.kadence-column_101fed-7b > .kt-inside-inner-col:before{opacity:0.3;}.kadence-column_101fed-7b{position:relative;}@media all and (max-width: 1024px){.kadence-column_101fed-7b > .kt-inside-inner-col{flex-direction:column;justify-content:center;}}@media all and (max-width: 767px){.kadence-column_101fed-7b > .kt-inside-inner-col{flex-direction:column;justify-content:center;}}<\/style>\n<div class=\"wp-block-kadence-column inner-column-1 kadence-column_101fed-7b\"><div class=\"kt-inside-inner-col\">\n<p>Im Bereich <strong>Finanzmathemat<\/strong>ik findest du Lernvideos und Aufgaben zu folgenden Themen:<\/p>\n<\/div><\/div>\n\n\n<style>.kadence-column_687997-aa > .kt-inside-inner-col{border-top-width:0px;border-right-width:0px;border-bottom-width:0px;border-left-width:0px;}.kadence-column_687997-aa > .kt-inside-inner-col,.kadence-column_687997-aa > .kt-inside-inner-col:before{border-top-left-radius:0px;border-top-right-radius:0px;border-bottom-right-radius:0px;border-bottom-left-radius:0px;}.kadence-column_687997-aa > .kt-inside-inner-col{column-gap:var(--global-kb-gap-sm, 1rem);}.kadence-column_687997-aa > .kt-inside-inner-col{flex-direction:column;}.kadence-column_687997-aa > .kt-inside-inner-col > .aligncenter{width:100%;}.kadence-column_687997-aa > .kt-inside-inner-col:before{opacity:0.3;}.kadence-column_687997-aa{position:relative;}@media all and (max-width: 1024px){.kadence-column_687997-aa > .kt-inside-inner-col{flex-direction:column;justify-content:center;}}@media all and (max-width: 767px){.kadence-column_687997-aa > .kt-inside-inner-col{flex-direction:column;justify-content:center;}}<\/style>\n<div class=\"wp-block-kadence-column inner-column-2 kadence-column_687997-aa\"><div class=\"kt-inside-inner-col\">\n<figure class=\"wp-block-image size-large is-resized is-style-default\"><img loading=\"lazy\" decoding=\"async\" src=\"https:\/\/nachhilfe-wirtschaftsschule.de\/wordpress\/wp-content\/uploads\/2022\/12\/money-g1ae558e4f_1920-1024x692.jpg\" alt=\"\" class=\"wp-image-317\" width=\"256\" height=\"173\" srcset=\"https:\/\/nachhilfe-wirtschaftsschule.de\/wordpress\/wp-content\/uploads\/2022\/12\/money-g1ae558e4f_1920-1024x692.jpg 1024w, https:\/\/nachhilfe-wirtschaftsschule.de\/wordpress\/wp-content\/uploads\/2022\/12\/money-g1ae558e4f_1920-300x203.jpg 300w, https:\/\/nachhilfe-wirtschaftsschule.de\/wordpress\/wp-content\/uploads\/2022\/12\/money-g1ae558e4f_1920-768x519.jpg 768w, https:\/\/nachhilfe-wirtschaftsschule.de\/wordpress\/wp-content\/uploads\/2022\/12\/money-g1ae558e4f_1920-1536x1038.jpg 1536w, https:\/\/nachhilfe-wirtschaftsschule.de\/wordpress\/wp-content\/uploads\/2022\/12\/money-g1ae558e4f_1920.jpg 1920w\" sizes=\"auto, (max-width: 256px) 100vw, 256px\" \/><\/figure>\n<\/div><\/div>\n<\/div><\/div><\/div>\n\n\n<style>.kt-accordion-id_0db5a2-7e .kt-accordion-inner-wrap{column-gap:var(--global-kb-gap-md, 2rem);row-gap:0px;}.kt-accordion-id_0db5a2-7e .kt-accordion-panel-inner{border-top-width:0px;border-right-width:0px;border-bottom-width:0px;border-left-width:0px;padding-top:var(--global-kb-spacing-sm, 1.5rem);padding-right:var(--global-kb-spacing-sm, 1.5rem);padding-bottom:var(--global-kb-spacing-sm, 1.5rem);padding-left:var(--global-kb-spacing-sm, 1.5rem);}.kt-accordion-id_0db5a2-7e > .kt-accordion-inner-wrap > .wp-block-kadence-pane > .kt-accordion-header-wrap > .kt-blocks-accordion-header{border-top-color:#555555;border-right-color:#555555;border-bottom-color:#555555;border-left-color:#555555;border-top-width:0px;border-right-width:0px;border-bottom-width:0px;border-left-width:0px;border-top-left-radius:0px;border-top-right-radius:0px;border-bottom-right-radius:0px;border-bottom-left-radius:0px;background:#f2f2f2;font-size:18px;line-height:24px;color:#555555;padding-top:10px;padding-right:14px;padding-bottom:10px;padding-left:14px;}.kt-accordion-id_0db5a2-7e:not( .kt-accodion-icon-style-basiccircle ):not( .kt-accodion-icon-style-xclosecircle ):not( .kt-accodion-icon-style-arrowcircle )  > .kt-accordion-inner-wrap > .wp-block-kadence-pane > .kt-accordion-header-wrap .kt-blocks-accordion-icon-trigger:after, .kt-accordion-id_0db5a2-7e:not( .kt-accodion-icon-style-basiccircle ):not( .kt-accodion-icon-style-xclosecircle ):not( .kt-accodion-icon-style-arrowcircle )  > .kt-accordion-inner-wrap > .wp-block-kadence-pane > .kt-accordion-header-wrap .kt-blocks-accordion-icon-trigger:before{background:#555555;}.kt-accordion-id_0db5a2-7e:not( .kt-accodion-icon-style-basic ):not( .kt-accodion-icon-style-xclose ):not( .kt-accodion-icon-style-arrow ) .kt-blocks-accordion-icon-trigger{background:#555555;}.kt-accordion-id_0db5a2-7e:not( .kt-accodion-icon-style-basic ):not( .kt-accodion-icon-style-xclose ):not( .kt-accodion-icon-style-arrow ) .kt-blocks-accordion-icon-trigger:after, .kt-accordion-id_0db5a2-7e:not( .kt-accodion-icon-style-basic ):not( .kt-accodion-icon-style-xclose ):not( .kt-accodion-icon-style-arrow ) .kt-blocks-accordion-icon-trigger:before{background:#f2f2f2;}.kt-accordion-id_0db5a2-7e > .kt-accordion-inner-wrap > .wp-block-kadence-pane > .kt-accordion-header-wrap > .kt-blocks-accordion-header:hover, \n\t\t\t\tbody:not(.hide-focus-outline) .kt-accordion-id_0db5a2-7e .kt-blocks-accordion-header:focus-visible{color:#444444;background:#eeeeee;border-top-color:#eeeeee;border-right-color:#eeeeee;border-bottom-color:#eeeeee;border-left-color:#eeeeee;}.kt-accordion-id_0db5a2-7e:not( .kt-accodion-icon-style-basiccircle ):not( .kt-accodion-icon-style-xclosecircle ):not( .kt-accodion-icon-style-arrowcircle ) .kt-accordion-header-wrap .kt-blocks-accordion-header:hover .kt-blocks-accordion-icon-trigger:after, .kt-accordion-id_0db5a2-7e:not( .kt-accodion-icon-style-basiccircle ):not( .kt-accodion-icon-style-xclosecircle ):not( .kt-accodion-icon-style-arrowcircle ) .kt-accordion-header-wrap .kt-blocks-accordion-header:hover .kt-blocks-accordion-icon-trigger:before, body:not(.hide-focus-outline) .kt-accordion-id_0db5a2-7e:not( .kt-accodion-icon-style-basiccircle ):not( .kt-accodion-icon-style-xclosecircle ):not( .kt-accodion-icon-style-arrowcircle ) .kt-blocks-accordion--visible .kt-blocks-accordion-icon-trigger:after, body:not(.hide-focus-outline) .kt-accordion-id_0db5a2-7e:not( .kt-accodion-icon-style-basiccircle ):not( .kt-accodion-icon-style-xclosecircle ):not( .kt-accodion-icon-style-arrowcircle ) .kt-blocks-accordion-header:focus-visible .kt-blocks-accordion-icon-trigger:before{background:#444444;}.kt-accordion-id_0db5a2-7e:not( .kt-accodion-icon-style-basic ):not( .kt-accodion-icon-style-xclose ):not( .kt-accodion-icon-style-arrow ) .kt-accordion-header-wrap .kt-blocks-accordion-header:hover .kt-blocks-accordion-icon-trigger, body:not(.hide-focus-outline) .kt-accordion-id_0db5a2-7e:not( .kt-accodion-icon-style-basic ):not( .kt-accodion-icon-style-xclose ):not( .kt-accodion-icon-style-arrow ) .kt-accordion-header-wrap .kt-blocks-accordion-header:focus-visible .kt-blocks-accordion-icon-trigger{background:#444444;}.kt-accordion-id_0db5a2-7e:not( .kt-accodion-icon-style-basic ):not( .kt-accodion-icon-style-xclose ):not( .kt-accodion-icon-style-arrow ) .kt-accordion-header-wrap .kt-blocks-accordion-header:hover .kt-blocks-accordion-icon-trigger:after, .kt-accordion-id_0db5a2-7e:not( .kt-accodion-icon-style-basic ):not( .kt-accodion-icon-style-xclose ):not( .kt-accodion-icon-style-arrow ) .kt-accordion-header-wrap .kt-blocks-accordion-header:hover .kt-blocks-accordion-icon-trigger:before, body:not(.hide-focus-outline) .kt-accordion-id_0db5a2-7e:not( .kt-accodion-icon-style-basic ):not( .kt-accodion-icon-style-xclose ):not( .kt-accodion-icon-style-arrow ) .kt-accordion-header-wrap .kt-blocks-accordion-header:focus-visible .kt-blocks-accordion-icon-trigger:after, body:not(.hide-focus-outline) .kt-accordion-id_0db5a2-7e:not( .kt-accodion-icon-style-basic ):not( .kt-accodion-icon-style-xclose ):not( .kt-accodion-icon-style-arrow ) .kt-accordion-header-wrap .kt-blocks-accordion-header:focus-visible .kt-blocks-accordion-icon-trigger:before{background:#eeeeee;}.kt-accordion-id_0db5a2-7e .kt-accordion-header-wrap .kt-blocks-accordion-header:focus-visible,\n\t\t\t\t.kt-accordion-id_0db5a2-7e > .kt-accordion-inner-wrap > .wp-block-kadence-pane > .kt-accordion-header-wrap > .kt-blocks-accordion-header.kt-accordion-panel-active{color:#ffffff;background:#444444;border-top-color:#444444;border-right-color:#444444;border-bottom-color:#444444;border-left-color:#444444;}.kt-accordion-id_0db5a2-7e:not( .kt-accodion-icon-style-basiccircle ):not( .kt-accodion-icon-style-xclosecircle ):not( .kt-accodion-icon-style-arrowcircle )  > .kt-accordion-inner-wrap > .wp-block-kadence-pane > .kt-accordion-header-wrap > .kt-blocks-accordion-header.kt-accordion-panel-active .kt-blocks-accordion-icon-trigger:after, .kt-accordion-id_0db5a2-7e:not( .kt-accodion-icon-style-basiccircle ):not( .kt-accodion-icon-style-xclosecircle ):not( .kt-accodion-icon-style-arrowcircle )  > .kt-accordion-inner-wrap > .wp-block-kadence-pane > .kt-accordion-header-wrap > .kt-blocks-accordion-header.kt-accordion-panel-active .kt-blocks-accordion-icon-trigger:before{background:#ffffff;}.kt-accordion-id_0db5a2-7e:not( .kt-accodion-icon-style-basic ):not( .kt-accodion-icon-style-xclose ):not( .kt-accodion-icon-style-arrow ) .kt-blocks-accordion-header.kt-accordion-panel-active .kt-blocks-accordion-icon-trigger{background:#ffffff;}.kt-accordion-id_0db5a2-7e:not( .kt-accodion-icon-style-basic ):not( .kt-accodion-icon-style-xclose ):not( .kt-accodion-icon-style-arrow ) .kt-blocks-accordion-header.kt-accordion-panel-active .kt-blocks-accordion-icon-trigger:after, .kt-accordion-id_0db5a2-7e:not( .kt-accodion-icon-style-basic ):not( .kt-accodion-icon-style-xclose ):not( .kt-accodion-icon-style-arrow ) .kt-blocks-accordion-header.kt-accordion-panel-active .kt-blocks-accordion-icon-trigger:before{background:#444444;}@media all and (max-width: 767px){.kt-accordion-id_0db5a2-7e .kt-accordion-inner-wrap{display:block;}.kt-accordion-id_0db5a2-7e .kt-accordion-inner-wrap .kt-accordion-pane:not(:first-child){margin-top:0px;}}<\/style>\n<div class=\"wp-block-kadence-accordion alignnone\"><div class=\"kt-accordion-wrap kt-accordion-wrap kt-accordion-id_0db5a2-7e kt-accordion-has-4-panes kt-active-pane-0 kt-accordion-block kt-pane-header-alignment-left kt-accodion-icon-style-basic kt-accodion-icon-side-right\" style=\"max-width:none\"><div class=\"kt-accordion-inner-wrap\" data-allow-multiple-open=\"false\" data-start-open=\"0\">\n<div class=\"wp-block-kadence-pane kt-accordion-pane kt-accordion-pane-1 kt-pane_ac9cf6-6d\"><div class=\"kt-accordion-header-wrap\"><button class=\"kt-blocks-accordion-header kt-acccordion-button-label-show\"><span class=\"kt-blocks-accordion-title-wrap\"><span class=\"kt-blocks-accordion-title\">Zinsrechnung innerhalb eines Jahres (maximal 360 Tage Laufzeit)<\/span><\/span><span class=\"kt-blocks-accordion-icon-trigger\"><\/span><\/button><\/div><div class=\"kt-accordion-panel kt-accordion-panel-hidden\"><div class=\"kt-accordion-panel-inner\">\n<p>Bei der &#8222;normalen&#8220; Zinsrechnung betrachten wir Aufgaben, die eine Laufzeit von maximal 360 Tagen haben. Hier lernst du, wie man den Zinssatz p, die Zinsen Z oder das Kapital K berechnet.<\/p>\n\n\n\n<div class=\"wp-block-katex-display-block katex-eq\" data-katex-display=\"true\"><pre>Zentrale\\ Formel:\\ Z=\\frac{K*p*t}{100*360}<\/pre><\/div>\n<\/div><\/div><\/div>\n\n\n\n<div class=\"wp-block-kadence-pane kt-accordion-pane kt-accordion-pane-2 kt-pane_dcbc46-82\"><div class=\"kt-accordion-header-wrap\"><button class=\"kt-blocks-accordion-header kt-acccordion-button-label-show\"><span class=\"kt-blocks-accordion-title-wrap\"><span class=\"kt-blocks-accordion-title\">Zinseszinsen (Laufzeit mehrere Jahre)<\/span><\/span><span class=\"kt-blocks-accordion-icon-trigger\"><\/span><\/button><\/div><div class=\"kt-accordion-panel kt-accordion-panel-hidden\"><div class=\"kt-accordion-panel-inner\">\n<p>Bei der Zinseszinsrechnung werden Zeitr\u00e4ume von mehreren Jahren betrachtet. Hierdurch ergibt sich der sogenannten &#8222;Zinseszins-Effekt&#8220;. Wir erhalten Zinsen auf bereits gezahlte Zinsen. Das Kapital w\u00e4chst somit exponentiell.<\/p>\n\n\n\n<p>Daraus leitet sich die allgemeine Formel der <a href=\"https:\/\/nachhilfe-wirtschaftsschule.de\/wordpress\/fm-zinseszinsen\/\" data-type=\"page\" data-id=\"19\">Zinseszinsrechnung<\/a> ab:<\/p>\n\n\n\n<div class=\"wp-block-katex-display-block katex-eq\" data-katex-display=\"true\"><pre>K_n=K_0*q^n \n<\/pre><\/div>\n\n\n\n<p>Kn = Kapital nach &#8222;n&#8220; Jahren bzw. Endkapital<\/p>\n\n\n\n<p>K0 = Startkapital<\/p>\n\n\n\n<p>q = Zinsfaktor (berechnet sich als q = 1+p\/100)<\/p>\n\n\n\n<p>n = Laufzeit in Jahren<\/p>\n<\/div><\/div><\/div>\n\n\n\n<div class=\"wp-block-kadence-pane kt-accordion-pane kt-accordion-pane-3 kt-pane_b544a7-5d\"><div class=\"kt-accordion-header-wrap\"><button class=\"kt-blocks-accordion-header kt-acccordion-button-label-show\"><span class=\"kt-blocks-accordion-title-wrap\"><span class=\"kt-blocks-accordion-title\">Darlehensarten (Raten- und Annuit\u00e4tendarlehen) mit Tilgungspl\u00e4nen<\/span><\/span><span class=\"kt-blocks-accordion-icon-trigger\"><\/span><\/button><\/div><div class=\"kt-accordion-panel kt-accordion-panel-hidden\"><div class=\"kt-accordion-panel-inner\">\n<p>Wenn wir uns Geld von z.B. der Bank leihen, nennen wir das Darlehen. Mit der Bank wird au\u00dferdem vereinbart, \u00fcber welchen Zeitraum und in welcher Art und Weise das geliehene Geld zur\u00fcckbezahlt werden soll.<\/p>\n\n\n\n<p>Wir unterscheide hierbei zwischen einer <a href=\"https:\/\/nachhilfe-wirtschaftsschule.de\/wordpress\/fm-darlehensarten\/\" data-type=\"page\" data-id=\"21\">Raten- und Annuit\u00e4tentilgung.<\/a><\/p>\n<\/div><\/div><\/div>\n\n\n\n<div class=\"wp-block-kadence-pane kt-accordion-pane kt-accordion-pane-4 kt-pane_27ee2b-6b\"><div class=\"kt-accordion-header-wrap\"><button class=\"kt-blocks-accordion-header kt-acccordion-button-label-show\"><span class=\"kt-blocks-accordion-title-wrap\"><span class=\"kt-blocks-accordion-title\">Rentenrechnung (vorsch\u00fcssig\/nachsch\u00fcssig)<\/span><\/span><span class=\"kt-blocks-accordion-icon-trigger\"><\/span><\/button><\/div><div class=\"kt-accordion-panel kt-accordion-panel-hidden\"><div class=\"kt-accordion-panel-inner\">\n<p>Bei der Rentenrechnung geht es um eine j\u00e4hrlich gleichbleibende Ein-oder Auszahlung. Wir k\u00fcrzen diese j\u00e4hrliche Sparrate mit &#8222;r&#8220; ab. Man kann dabei im die vor- und nachsch\u00fcssige Rentenrechnung unterscheiden.<\/p>\n\n\n\n<p>Wird Geld auf ein Konto einbezahlt, auf dem bereits ein Guthaben verbucht ist, spricht man von einer <a href=\"https:\/\/nachhilfe-wirtschaftsschule.de\/wordpress\/kapitalmehrung\/\">Kapitalmehrung.<\/a><\/p>\n\n\n\n<p>Wird Geld von einem Konto mit Guthaben ausbezahlt, sprechen wir von einer <a href=\"https:\/\/nachhilfe-wirtschaftsschule.de\/wordpress\/kapitalminderung\/\">Kapitalminderung.<\/a><\/p>\n<\/div><\/div><\/div>\n<\/div><\/div><\/div>\n\n\n\n<hr class=\"wp-block-separator has-alpha-channel-opacity is-style-wide\"\/>\n\n\n\n<p>Lernvideos und \u00dcbungsaufgaben zu den einzelnen Themen findest du oben im Men\u00fc. Viel Erfolg \ud83d\ude42<\/p>\n\n\n<style>#kt-layout-id_c95024-dd > .kt-row-column-wrap{align-content:start;}:where(#kt-layout-id_c95024-dd > .kt-row-column-wrap) > .wp-block-kadence-column{justify-content:start;}#kt-layout-id_c95024-dd > .kt-row-column-wrap{column-gap:var(--global-kb-gap-md, 2rem);row-gap:var(--global-kb-gap-md, 2rem);padding-top:var( --global-kb-row-default-top, 25px );padding-bottom:var( --global-kb-row-default-bottom, 25px );padding-top:var(--global-kb-spacing-sm, 1.5rem);padding-bottom:var(--global-kb-spacing-sm, 1.5rem);grid-template-columns:repeat(2, minmax(0, 1fr));}#kt-layout-id_c95024-dd > .kt-row-layout-overlay{opacity:0.30;}@media all and (max-width: 1024px){#kt-layout-id_c95024-dd > .kt-row-column-wrap{grid-template-columns:repeat(2, minmax(0, 1fr));}}@media all and (max-width: 767px){#kt-layout-id_c95024-dd > .kt-row-column-wrap{grid-template-columns:minmax(0, 1fr);}}<\/style>\n<div class=\"wp-block-kadence-rowlayout alignnone\"><div id=\"kt-layout-id_c95024-dd\" class=\"kt-row-layout-inner kt-layout-id_c95024-dd\"><div class=\"kt-row-column-wrap kt-has-2-columns kt-gutter-default kt-v-gutter-default kt-row-valign-top kt-row-layout-equal kt-tab-layout-inherit kt-m-colapse-left-to-right kt-mobile-layout-row\"><\/div><\/div><\/div>\n","protected":false},"excerpt":{"rendered":"<p>Im Bereich Finanzmathematik findest du Lernvideos und Aufgaben zu folgenden Themen: Lernvideos und \u00dcbungsaufgaben zu den einzelnen Themen findest du<\/p>\n","protected":false},"author":2,"featured_media":0,"parent":0,"menu_order":0,"comment_status":"closed","ping_status":"closed","template":"","meta":{"colormag_page_container_layout":"no_sidebar_full_width","colormag_page_sidebar_layout":"no_sidebar","footnotes":""},"class_list":["post-14","page","type-page","status-publish","hentry"],"_links":{"self":[{"href":"https:\/\/nachhilfe-wirtschaftsschule.de\/wordpress\/wp-json\/wp\/v2\/pages\/14","targetHints":{"allow":["GET"]}}],"collection":[{"href":"https:\/\/nachhilfe-wirtschaftsschule.de\/wordpress\/wp-json\/wp\/v2\/pages"}],"about":[{"href":"https:\/\/nachhilfe-wirtschaftsschule.de\/wordpress\/wp-json\/wp\/v2\/types\/page"}],"author":[{"embeddable":true,"href":"https:\/\/nachhilfe-wirtschaftsschule.de\/wordpress\/wp-json\/wp\/v2\/users\/2"}],"replies":[{"embeddable":true,"href":"https:\/\/nachhilfe-wirtschaftsschule.de\/wordpress\/wp-json\/wp\/v2\/comments?post=14"}],"version-history":[{"count":10,"href":"https:\/\/nachhilfe-wirtschaftsschule.de\/wordpress\/wp-json\/wp\/v2\/pages\/14\/revisions"}],"predecessor-version":[{"id":477,"href":"https:\/\/nachhilfe-wirtschaftsschule.de\/wordpress\/wp-json\/wp\/v2\/pages\/14\/revisions\/477"}],"wp:attachment":[{"href":"https:\/\/nachhilfe-wirtschaftsschule.de\/wordpress\/wp-json\/wp\/v2\/media?parent=14"}],"curies":[{"name":"wp","href":"https:\/\/api.w.org\/{rel}","templated":true}]}}